{"id":3083,"date":"2022-04-29T15:47:49","date_gmt":"2022-04-29T12:47:49","guid":{"rendered":"https:\/\/www.vitaliberata.fi\/?post_type=product&#038;p=3083"},"modified":"2022-04-29T16:08:01","modified_gmt":"2022-04-29T13:08:01","slug":"tinted-tanning-mist","status":"publish","type":"product","link":"https:\/\/www.vitaliberata.fi\/et\/tuotteet\/tinted-tanning-mist\/","title":{"rendered":"Tanning Mist Tinted"},"content":{"rendered":"\r\n<div id=\"accordion\" class=\"accordion\">\r\n\r\n<div class=\"accordion-group\"><div class=\"accordion-heading pl-contrast\"><a class=\"accordion-toggle\" data-toggle=\"collapse\" data-parent=\"#accordion\" href=\"#collapse2\">KOOSTISOSAD<\/a><\/div><div id=\"collapse2\" class=\"accordion-body collapse \"><div class=\"accordion-inner\">\r\n<b>Tinted Tanning Mist Medium<\/b><br \/>\r\nINCI: Aqua (Water)*, Dihydroxyacetone*, Glycerin*, Caramel*, Saccharide Isomerate*, Aloe barbadensis (Aloe Vera) Leaf Juice Powder*, Glycyrrhiza glabra (Licorice) Root Extract*, Rubus idaeus (Raspberry) Leaf Extract*, Punica granatum (Pomegranate) Juice Extract*, Ginkgo biloba (Ginkgo) Leaf Extract*, Cucumis sativus (Cucumber) Fruit Extract*, Hamamelis virginiana (Witchhazel) Leaf Extract*, Fucus vesiculosus (Bladderwrack) Extract*, Carica papaya (Papaya) Fruit Extract*, Vitis vinifera (Grape) Fruit Extract*, Cucumis melo (Melon) Fruit Extract*, Vanilla planifolia (Vanilla) Fruit Extract*, Hyaluronic Acid*, Decyl Glucoside*, Lauryl Glucoside*, Sodium Citrate*, Panthenol, Isopentyldiol, Sodium Benzoate, Potassium Sorbate, Citric Acid. <br \/>\r\n*Organic\/Natural<br \/>\r\n<br \/>\r\n<font size=\"8\"><i>Tootjal on \u00f5igus vajadusest tulenevalt toote koostist parendada ja uuendada vastavalt kehtivatele regulatsioonidele.<br \/>\r\nToote pakendil olev teave vastab pakendi sisule.<\/i><\/font>\r\n<\/div><\/div><\/div>\r\n<\/div>\r\n\n","protected":false},"excerpt":{"rendered":"<p><strong>Toonitud isepruunistav vesi, 200 ml<\/strong><\/p>\n<p>Saadaval toonis <strong><em>Medium<\/em><\/strong> | Keskmine toon<\/p>\n<p>Kiiresti kuivava, kohandatava ja loomuliku v\u00e4limusega p\u00e4evituse saamiseks valige toonitud isepruunistav vesi. Isepruunistava vee spreiga saate ise kohandada oma p\u00e4evituse tulemust, s\u00e4ravast jumest kuni s\u00fcgav pruuni p\u00e4evituseni v\u00e4lja. Tootes sisalduv pigment lihtsustab selle nahale kandmist, et n\u00e4eksite kuhu toodet on juba kantud. Teie otsustate p\u00e4evituse tumeduse \u00fcle, kandke \u00fcks kiht kerge jume saamiseks v\u00f5i kandke koheselt ka teine \u200b\u200bkiht, et tulemust s\u00fcvendada. P\u00e4evitustulemuse saavutate 8 tunni jooksul.<br \/>\n\u2022 Kohandatav, loomuliku v\u00e4limusega p\u00e4evitustulemus<br \/>\n\u2022 Kiiresti kuivav koostis.<br \/>\n\u2022 Toonitud koostis lihtsustab toote nahale kandmist.<br \/>\n\u2022 Vegan toode, sobib kasutamiseks nii n\u00e4ol kui kehal.<\/p>\n<p>Vita Liberata pakub p\u00e4evitust, mida sinu nahk tahab!<\/p>\n<p>KASUTAMINE: Enne pruunistamist \u00e4rge kasutage nahal kreeme v\u00f5i \u00f5lisid ning veenduge, et nahk oleks eelnevalt kooritud ja puhas. Pumbake kaks kuni kolm korda toodet aplikaatorkindale ja masseerige see nahale pikkade ringjate liigutustega ning korrake tegevust \u00fcle kogu keha. Kasutage toodet s\u00e4\u00e4stlikult k\u00e4e- ja jalalabadel, p\u00f5lvedel ja k\u00fc\u00fcnarnukkidel. J\u00e4tke toode nahale v\u00e4hemalt 8 tunniks, seej\u00e4rel loputage maha ainult veega ja patsutage nahk kuivaks, mitte h\u00f5\u00f5rudes. Kandke \u00fcks kiht kerge jume saamiseks v\u00f5i kandke koheselt ka teine \u200b\u200bkiht, et p\u00e4evitustulemust s\u00fcvendada. Teie kohandatud, loomuliku v\u00e4limusega p\u00e4evitus hajub nahalt maha \u00fchtlaselt 4-7 p\u00e4eva jooksul.<\/p>\n<p>Jaem\u00fc\u00fcgihind: 27,90\u20ac.<\/p>\n","protected":false},"featured_media":2962,"comment_status":"open","ping_status":"closed","template":"","meta":{"_mi_skip_tracking":false},"product_cat":[28],"product_tag":[],"_links":{"self":[{"href":"https:\/\/www.vitaliberata.fi\/et\/wp-json\/wp\/v2\/product\/3083"}],"collection":[{"href":"https:\/\/www.vitaliberata.fi\/et\/wp-json\/wp\/v2\/product"}],"about":[{"href":"https:\/\/www.vitaliberata.fi\/et\/wp-json\/wp\/v2\/types\/product"}],"replies":[{"embeddable":true,"href":"https:\/\/www.vitaliberata.fi\/et\/wp-json\/wp\/v2\/comments?post=3083"}],"wp:featuredmedia":[{"embeddable":true,"href":"https:\/\/www.vitaliberata.fi\/et\/wp-json\/wp\/v2\/media\/2962"}],"wp:attachment":[{"href":"https:\/\/www.vitaliberata.fi\/et\/wp-json\/wp\/v2\/media?parent=3083"}],"wp:term":[{"taxonomy":"product_cat","embeddable":true,"href":"https:\/\/www.vitaliberata.fi\/et\/wp-json\/wp\/v2\/product_cat?post=3083"},{"taxonomy":"product_tag","embeddable":true,"href":"https:\/\/www.vitaliberata.fi\/et\/wp-json\/wp\/v2\/product_tag?post=3083"}],"curies":[{"name":"wp","href":"https:\/\/api.w.org\/{rel}","templated":true}]}}