{"id":3038,"date":"2022-04-29T12:55:27","date_gmt":"2022-04-29T09:55:26","guid":{"rendered":"https:\/\/www.vitaliberata.fi\/?post_type=product&#038;p=3038"},"modified":"2022-04-29T16:05:28","modified_gmt":"2022-04-29T13:05:28","slug":"untinted-heavenly-tanning-elixir-medium","status":"publish","type":"product","link":"https:\/\/www.vitaliberata.fi\/et\/tuotteet\/untinted-heavenly-tanning-elixir-medium\/","title":{"rendered":"Heavenly Elixir Untinted"},"content":{"rendered":"\r\n<div id=\"accordion\" class=\"accordion\">\r\n\r\n<div class=\"accordion-group\"><div class=\"accordion-heading pl-contrast\"><a class=\"accordion-toggle\" data-toggle=\"collapse\" data-parent=\"#accordion\" href=\"#collapse2\">KOOSTISOSAD<\/a><\/div><div id=\"collapse2\" class=\"accordion-body collapse \"><div class=\"accordion-inner\">\r\n<b>Untinted Heavenly Tanning Elixir Medium<\/b><br>\r\nINCI: Aqua (Water)*, Dihydroxyacetone*, Isoeicosane*, Squalane*, Propanediol*, Glyceryl Stearate*, PEG-100 Stearate, Hydroxyethyl Acrylate\/Sodium Acryloyldimethyl Taurate Copolymer, Chamomilla recutita (Matricaria) Flower Extract*, Sorbitan Oleate*, Glycerin*, Aloe barbadensis (Aloe Vera) Leaf Juice Powder*, Ginkgo biloba (Ginkgo) Leaf Extract*, Cucumis sativus (Cucumber) Fruit Extract*, Hamamelis virginiana (Witchhazel) Leaf Extract*, Fucus vesiculosus (Bladderwrack) Extract*, Carica papaya (Papaya) Fruit Extract*, Polysorbate 60, Sorbitan Sorbitan Isostearate, Hydrogenated Phosphatidylcholine*, Hydrogenated Lysophosphatidylcholine*, Hydrogenated Lecithin*, Cetearyl Alcohol*, Caprylic\/Capric Triglyceride*, Isochrysis galbana (Alga) Extract*, Hydrogenated Vegetable Oil*, Prunus amygdalus Dulcis (Sweet Almond) Seed Oil*, Coffea arabica (Coffee) Seed Oil*, Sesamum indicum (Sesame) Seed Oil*, Tyrosine*, Calophyllum inophyllum (Tamanu) Seed Oil*, PEG-7 Hydrogenated Castor Oil, Parfum (Fragrance), Saccharide Isomerate*, Xanthan Gum*, Carrageenan*, Algin*, Chitosan*, Sodium Citrate*, Phenoxyethanol, Ethylhexylglycerin, Citric Acid. \r\n*Organic\/Natural<br \/>\r\n<br \/>\r\n<font size=\"8\"><i>Tootjal on \u00f5igus vajadusest tulenevalt toote koostist parendada ja uuendada vastavalt kehtivatele regulatsioonidele.<br \/>\r\nToote pakendil olev teave vastab pakendi sisule.<\/i><\/font>\r\n<\/div><\/div><\/div>\r\n<\/div>\r\n\n","protected":false},"excerpt":{"rendered":"<p><strong>V\u00e4rvitu isepruunistav eliksiir, 150 ml<\/strong><\/p>\n<p>Saadaval toonis <strong><em>Medium<\/em><\/strong> | Keskmine toon<\/p>\n<p>Meeldivalt kakaol\u00f5hnaline v\u00e4rvitu isepruunistav eliksiir, mille niisutav koostis sulandub kergesti nahale, andes teile loomuliku v\u00e4limusega keskmise tumedusega p\u00e4evituse, mis hajub maha \u00fchtlaselt 10 p\u00e4eva jooksul.<br \/>\nEliksiir ei l\u00f5hna mitte ainult uskumatult \u2013 vaid see on t\u00e4is toitvaid \u00f6koloogilisi koostisosi, mis lukustavad niiskuse, j\u00e4ttes naha s\u00fcgavniisutatuks ja siledaks. Oodates 8 tundi enne, kui toote nahalt maha pesete, saate tulemuseks kauni pruuni p\u00e4evituse. Uuenduslik kapseldatud DHA tehnoloogia vabastab j\u00e4tkuvalt DHA-d, j\u00e4rk-j\u00e4rgult pruunistades nahka edasi kuni 72 tundi.<br \/>\n\u2022 Vegan toode, sobib kasutamiseks nii n\u00e4ol kui kehal.<br \/>\n\u2022 Kauakestev loomuliku v\u00e4limusega p\u00e4evitustulemus.<br \/>\n\u2022 Nahka toitev koostis lukustab niiskuse.<br \/>\n\u2022 V\u00e4rvitu toode m\u00e4\u00e4rdumise v\u00e4ltimiseks.<br \/>\n\u2022 Kakao l\u00f5hnaga.  <\/p>\n<p>Vita Liberata pakub p\u00e4evitust, mida sinu nahk tahab!<\/p>\n<p>KASUTAMINE:\u00a0Enne pruunistamist \u00e4rge kasutage nahal kreeme v\u00f5i \u00f5lisid ning veenduge, et nahk oleks eelnevalt kooritud ja puhas. Pumbake kaks kuni kolm korda toodet aplikaatorkindale ja masseerige see nahale pikkade ringjate liigutustega ning korrake tegevust \u00fcle kogu keha. Kasutage toodet s\u00e4\u00e4stlikult k\u00e4e- ja jalalabadel, p\u00f5lvedel ja k\u00fc\u00fcnarnukkidel. J\u00e4tke toode nahale v\u00e4hemalt 8 tunniks, seej\u00e4rel loputage maha ainult veega ja patsutage nahk kuivaks, mitte h\u00f5\u00f5rudes.<br \/>\nTeie keskmise tumedusega, loomuliku v\u00e4limusega p\u00e4evitus s\u00fcveneb kuni 72 tundi p\u00e4rast pealekandmist ja hajub nahalt maha \u00fchtlaselt 7-10 p\u00e4eva jooksul.<\/p>\n<p>Jaem\u00fc\u00fcgihind: 41,90 \u20ac<\/p>\n","protected":false},"featured_media":3069,"comment_status":"open","ping_status":"closed","template":"","meta":{"_mi_skip_tracking":false},"product_cat":[28],"product_tag":[],"_links":{"self":[{"href":"https:\/\/www.vitaliberata.fi\/et\/wp-json\/wp\/v2\/product\/3038"}],"collection":[{"href":"https:\/\/www.vitaliberata.fi\/et\/wp-json\/wp\/v2\/product"}],"about":[{"href":"https:\/\/www.vitaliberata.fi\/et\/wp-json\/wp\/v2\/types\/product"}],"replies":[{"embeddable":true,"href":"https:\/\/www.vitaliberata.fi\/et\/wp-json\/wp\/v2\/comments?post=3038"}],"wp:featuredmedia":[{"embeddable":true,"href":"https:\/\/www.vitaliberata.fi\/et\/wp-json\/wp\/v2\/media\/3069"}],"wp:attachment":[{"href":"https:\/\/www.vitaliberata.fi\/et\/wp-json\/wp\/v2\/media?parent=3038"}],"wp:term":[{"taxonomy":"product_cat","embeddable":true,"href":"https:\/\/www.vitaliberata.fi\/et\/wp-json\/wp\/v2\/product_cat?post=3038"},{"taxonomy":"product_tag","embeddable":true,"href":"https:\/\/www.vitaliberata.fi\/et\/wp-json\/wp\/v2\/product_tag?post=3038"}],"curies":[{"name":"wp","href":"https:\/\/api.w.org\/{rel}","templated":true}]}}