{"id":2725,"date":"2020-04-30T14:19:54","date_gmt":"2020-04-30T11:19:54","guid":{"rendered":"http:\/\/www.vitaliberata.fi\/et\/tuotteet\/fabulous-mist-itseruskettava-suihke\/"},"modified":"2022-04-29T16:09:29","modified_gmt":"2022-04-29T13:09:29","slug":"fabulous-self-tanning-mist","status":"publish","type":"product","link":"https:\/\/www.vitaliberata.fi\/et\/tuotteet\/fabulous-self-tanning-mist\/","title":{"rendered":"Tanning Mist Clear"},"content":{"rendered":"\r\n<div id=\"accordion\" class=\"accordion\">\r\n\r\n<div class=\"accordion-group\"><div class=\"accordion-heading pl-contrast\"><a class=\"accordion-toggle\" data-toggle=\"collapse\" data-parent=\"#accordion\" href=\"#collapse2\">KOOSTISOSAD<\/a><\/div><div id=\"collapse2\" class=\"accordion-body collapse \"><div class=\"accordion-inner\">\r\n<b>Clear Tanning Mist Medium<\/b><br \/>\r\nINCI: Aqua (Water)*, Dihydroxyacetone*, Propylene Glycol, Glycerin*, Aloe barbadensis (Aloe Vera) Leaf Juice Powder*, Erythrulose*, Coffea arabica (Coffee) Seed Extract*, Camellia sinensis (White Tea) Leaf Extract*, Hyaluronic Acid*, Acrylamide\/Sodium Acryloyldimethyltaurate Copolymer, C13-14 Alkane, Laureth-7, Citric Acid, Sodium Benzoate, Potassium Sorbate. <br \/>\r\n*Organic\/Natural<br \/>\r\n<br \/>\r\n<font size=\"8\"><i>Tootjal on \u00f5igus vajadusest tulenevalt toote koostist parendada ja uuendada vastavalt kehtivatele regulatsioonidele.<br \/>\r\nToote pakendil olev teave vastab pakendi sisule.<\/i><\/font>\r\n<\/div><\/div><\/div>\r\n<\/div>\r\n\n","protected":false},"excerpt":{"rendered":"<p><strong>V\u00e4rvitu isepruunistav vesi, 200 ml<\/strong><\/p>\n<p>Saadaval toonis <strong><em>Medium<\/em><\/strong> | Keskmine toon<\/p>\n<p>Kiiresti kuivava, kohandatava ja loomuliku v\u00e4limusega p\u00e4evituse saamiseks valige v\u00e4rvitu isepruunistav vesi. Isepruunistava vee spreiga saate ise kohandada oma p\u00e4evituse tulemust, s\u00e4ravast jumest kuni s\u00fcgav pruuni p\u00e4evituseni v\u00e4lja. Kiiresti kuivaval ja v\u00e4rvitul tootel on minimaalne m\u00e4\u00e4rdumise risk, seda kasutades v\u00f5ite kohe riietuda ja oma p\u00e4evaga edasi minna. Teie otsustate p\u00e4evituse tumeduse \u00fcle, kandke \u00fcks kiht kerge jume saamiseks v\u00f5i kandke koheselt ka teine \u200b\u200bkiht, et tulemust s\u00fcvendada. P\u00e4evitustulemuse saavutate 8 tunni jooksul.<br \/>\n\u2022 Kohandatav, loomuliku v\u00e4limusega p\u00e4evitustulemus.<br \/>\n\u2022 Kiiresti kuivav koostis.<br \/>\n\u2022 V\u00e4rvitu toode m\u00e4\u00e4rdumise v\u00e4ltimiseks.<br \/>\n\u2022 Vegan toode, sobib kasutamiseks nii n\u00e4ol kui kehal.<\/p>\n<p>Vita Liberata pakub p\u00e4evitust, mida sinu nahk tahab!<\/p>\n<p>KASUTAMINE: Enne pruunistamist \u00e4rge kasutage nahal kreeme v\u00f5i \u00f5lisid ning veenduge, et nahk oleks eelnevalt kooritud ja puhas. Pumbake kaks kuni kolm korda toodet aplikaatorkindale ja masseerige see nahale pikkade ringjate liigutustega ning korrake tegevust \u00fcle kogu keha. Kasutage toodet s\u00e4\u00e4stlikult k\u00e4e- ja jalalabadel, p\u00f5lvedel ja k\u00fc\u00fcnarnukkidel. J\u00e4tke toode nahale v\u00e4hemalt 8 tunniks, seej\u00e4rel loputage maha ainult veega ja patsutage nahk kuivaks, mitte h\u00f5\u00f5rudes. Kandke \u00fcks kiht kerge jume saamiseks v\u00f5i kandke koheselt ka teine \u200b\u200bkiht, et p\u00e4evitustulemust s\u00fcvendada. Teie kohandatud, loomuliku v\u00e4limusega p\u00e4evitus hajub nahalt maha \u00fchtlaselt 4-7 p\u00e4eva jooksul.<\/p>\n<p>Jaem\u00fc\u00fcgihind: 27,90\u20ac.<\/p>\n","protected":false},"featured_media":2965,"comment_status":"open","ping_status":"closed","template":"","meta":{"_mi_skip_tracking":false},"product_cat":[28],"product_tag":[],"_links":{"self":[{"href":"https:\/\/www.vitaliberata.fi\/et\/wp-json\/wp\/v2\/product\/2725"}],"collection":[{"href":"https:\/\/www.vitaliberata.fi\/et\/wp-json\/wp\/v2\/product"}],"about":[{"href":"https:\/\/www.vitaliberata.fi\/et\/wp-json\/wp\/v2\/types\/product"}],"replies":[{"embeddable":true,"href":"https:\/\/www.vitaliberata.fi\/et\/wp-json\/wp\/v2\/comments?post=2725"}],"wp:featuredmedia":[{"embeddable":true,"href":"https:\/\/www.vitaliberata.fi\/et\/wp-json\/wp\/v2\/media\/2965"}],"wp:attachment":[{"href":"https:\/\/www.vitaliberata.fi\/et\/wp-json\/wp\/v2\/media?parent=2725"}],"wp:term":[{"taxonomy":"product_cat","embeddable":true,"href":"https:\/\/www.vitaliberata.fi\/et\/wp-json\/wp\/v2\/product_cat?post=2725"},{"taxonomy":"product_tag","embeddable":true,"href":"https:\/\/www.vitaliberata.fi\/et\/wp-json\/wp\/v2\/product_tag?post=2725"}],"curies":[{"name":"wp","href":"https:\/\/api.w.org\/{rel}","templated":true}]}}