{"id":2407,"date":"2019-05-17T09:33:49","date_gmt":"2019-05-17T06:33:49","guid":{"rendered":"http:\/\/www.vitaliberata.fi\/et\/tuotteet\/isperuunistav-nahatooni-uhtlustav-cc-kreem-naole\/"},"modified":"2022-04-29T18:03:41","modified_gmt":"2022-04-29T15:03:41","slug":"isperuunistav-nahatooni-uhtlustav-cc-kreem-naole","status":"publish","type":"product","link":"https:\/\/www.vitaliberata.fi\/et\/tuotteet\/isperuunistav-nahatooni-uhtlustav-cc-kreem-naole\/","title":{"rendered":"Beauty Blur\u2122 Face With Tan"},"content":{"rendered":"\r\n<div id=\"accordion\" class=\"accordion\">\r\n<div class=\"accordion-group\"><div class=\"accordion-heading pl-contrast\"><a class=\"accordion-toggle\" data-toggle=\"collapse\" data-parent=\"#accordion\" href=\"#collapse2\">KOOSTISOSAD<\/a><\/div><div id=\"collapse2\" class=\"accordion-body collapse \"><div class=\"accordion-inner\">\r\n<b>Beauty Blur\u2122 Face With Tan Light<\/b><br \/>\r\nINCI: Aqua (Water)*, Dihydroxyacetone*, Homosalate, Ethylhexyl Methoxycinnamate, Synthetic Fluorphlogopite, Cyclopentasiloxane, Dimethicone\/Vinyl Dimethicone Crosspolymer, Phenyl Trimethicone, Cetearyl Alcohol, Glycerin*, Octocrylene, Cetyl Alcohol, Ceteareth-20, Isohexadecane, Isododecane, Neopentyl Glycol Diheptanoate, Glyceryl Stearate, Butyrospermum parkii (Shea) Butter*, Aloe barbadensis (Aloe Vera) Leaf Juice Powder*, Tocopheryl Acetate, Hyaluronic Acid*, Panthenol, Hydrolyzed Silk*, Tetrasodium Glutamate Diacetate, Phenoxyethanol, Ethylhexylglycerin, Citric Acid, Mica (CI 77019), Tin Oxide (CI 77861), Titanium Dioxide (CI 77891), CI 77491, CI 77492, CI 77499 (Iron Oxides).<br \/>\r\n*Organic\/Natural<br \/>\r\n<br \/>\r\n<b>Beauty Blur\u2122 Face With Tan Medium<\/b><br \/>\r\nINCI: Aqua (Water)*, Dihydroxyacetone*, Homosalate, Ethylhexyl Methoxycinnamate, Synthetic Fluorphlogopite, Cyclopentasiloxane, Dimethicone\/Vinyl Dimethicone Crosspolymer, Phenyl Trimethicone, Cetearyl Alcohol, Glycerin*, Octocrylene, Cetyl Alcohol, Ceteareth-20, Isohexadecane, Isododecane, Neopentyl Glycol Diheptanoate, Glyceryl Stearate, Butyrospermum parkii (Shea) Butter*, Aloe barbadensis (Aloe Vera) Leaf Juice Powder*, Tocopheryl Acetate, Hyaluronic Acid*, Panthenol, Hydrolyzed Silk*, Tetrasodium Glutamate Diacetate, Phenoxyethanol, Ethylhexylglycerin, Citric Acid, Tin Oxide (CI 77861), Titanium Dioxide (CI 77891), CI 77491, CI 77492, CI 77499 (Iron Oxides).<br \/>\r\n*Organic\/Natural<br \/>\r\n<br \/>\r\n<font size=\"8\"><i>Tootjal on \u00f5igus vajadusest tulenevalt toote koostist parendada ja uuendada vastavalt kehtivatele regulatsioonidele.<br \/>\r\nToote pakendil olev teave vastab pakendi sisule.<\/i><\/font>\r\n<\/div><\/div><\/div>\r\n<\/div>\r\n\n","protected":false},"excerpt":{"rendered":"<p><strong>Isepruunistav n\u00e4o jumestus, 30 ml<\/strong><\/p>\n<p>Saadaval kahes toonis:<br \/>\n<strong><em>Light<\/em><\/strong> | Heledale v\u00f5i keskmisele nahale<br \/>\n<strong><em>Medium<\/em><\/strong> | Keskmisele v\u00f5i p\u00e4evitunud nahale<\/p>\n<p>Mitmeotstarbeline toonitud primer ja niisutaja, veatu ja s\u00e4rava jume ning p\u00fcsiva p\u00e4evituse saavutamiseks.<br \/>\nSee valgustpeegeldav ja nahka t\u00e4iustav koostis on t\u00e4is \u00f6koloogilisi ekstrakte, mis siluvad ja \u00fchtlustavad nahatooni ning muudavad naha loomulikult s\u00e4ravaks.<br \/>\n \u2022 Kohene jume ja kestev p\u00e4evitus.<br \/>\n \u2022 Valgustpeegeldav ja s\u00e4rav nahk.<br \/>\n \u2022 Veatu jume.<\/p>\n<p>Vita Liberata pakub p\u00e4evitust, mida sinu nahk tahab!<\/p>\n<p>KASUTAMINE: Kasutage toodet eraldiseisvalt v\u00f5i praimerina meigi alla v\u00f5i segage seda oma jumestuskreemi sisse. Kandke toodet v\u00e4ikeste t\u00e4ppidena nahale ning hajutage ringjate liigutustega jumestuskreemi pintsli, beauty blender&#039;i v\u00f5i s\u00f5rmeotstega. J\u00e4tke toode v\u00e4hemalt 8 tunniks nahale, enne kui selle maha pesete, et saavutada p\u00fcsiv p\u00e4evitustulemus. Optimaalse p\u00e4evitustulemuse saavutamiseks kasutage toodet eraldiseisvalt ilma jumestuskreemita.<\/p>\n<p>Jaem\u00fc\u00fcgihind: 39,90 \u20ac<\/p>\n","protected":false},"featured_media":2969,"comment_status":"open","ping_status":"closed","template":"","meta":{"_mi_skip_tracking":false},"product_cat":[34,40],"product_tag":[],"_links":{"self":[{"href":"https:\/\/www.vitaliberata.fi\/et\/wp-json\/wp\/v2\/product\/2407"}],"collection":[{"href":"https:\/\/www.vitaliberata.fi\/et\/wp-json\/wp\/v2\/product"}],"about":[{"href":"https:\/\/www.vitaliberata.fi\/et\/wp-json\/wp\/v2\/types\/product"}],"replies":[{"embeddable":true,"href":"https:\/\/www.vitaliberata.fi\/et\/wp-json\/wp\/v2\/comments?post=2407"}],"wp:featuredmedia":[{"embeddable":true,"href":"https:\/\/www.vitaliberata.fi\/et\/wp-json\/wp\/v2\/media\/2969"}],"wp:attachment":[{"href":"https:\/\/www.vitaliberata.fi\/et\/wp-json\/wp\/v2\/media?parent=2407"}],"wp:term":[{"taxonomy":"product_cat","embeddable":true,"href":"https:\/\/www.vitaliberata.fi\/et\/wp-json\/wp\/v2\/product_cat?post=2407"},{"taxonomy":"product_tag","embeddable":true,"href":"https:\/\/www.vitaliberata.fi\/et\/wp-json\/wp\/v2\/product_tag?post=2407"}],"curies":[{"name":"wp","href":"https:\/\/api.w.org\/{rel}","templated":true}]}}