{"id":2138,"date":"2018-05-07T10:38:02","date_gmt":"2018-05-07T07:38:02","guid":{"rendered":"http:\/\/www.vitaliberata.fi\/et\/tuotteet\/invisi-foaming-tan-water-rusketusvesi-medium-dark\/"},"modified":"2022-04-29T16:10:19","modified_gmt":"2022-04-29T13:10:19","slug":"invisi-foaming-tan-water","status":"publish","type":"product","link":"https:\/\/www.vitaliberata.fi\/et\/tuotteet\/invisi-foaming-tan-water\/","title":{"rendered":"Tanning Mousse Clear"},"content":{"rendered":"\r\n<div id=\"accordion\" class=\"accordion\">\r\n\r\n<div class=\"accordion-group\"><div class=\"accordion-heading pl-contrast\"><a class=\"accordion-toggle\" data-toggle=\"collapse\" data-parent=\"#accordion\" href=\"#collapse2\">KOOSTISOSAD<\/a><\/div><div id=\"collapse2\" class=\"accordion-body collapse \"><div class=\"accordion-inner\">\r\n<b>Clear Tanning Mousse Medium<\/b><br \/>\r\nINCI: Aqua (Water)*, Dihydroxyacetone*, Glycerin*, Saccharide Isomerate*, Caprylyl\/Capryl Glucoside*, Aloe barbadensis (Aloe Vera) Leaf Juice Powder*, Glycyrrhiza glabra (Licorice) Root Extract*, Rubus idaeus (Raspberry) Leaf Extract*, Punica granatum (Pomegranate) Juice Extract*, Ginkgo biloba (Ginkgo) Leaf Extract*, Cucumis sativus (Cucumber) Fruit Extract*, Hamamelis virginiana (Witchhazel) Leaf Extract*, Fucus vesiculosus (Bladderwrack) Extract*, Carica papaya (Papaya) Fruit Extract*, Vitis vinifera (Grape) Fruit Extract*, Cucumis melo (Melon) Fruit Extract*, Hyaluronic Acid*, Sodium Citrate*, Chlorphenesin, Citric Acid.<br \/>\r\n*Organic\/Natural<br \/>\r\n<br \/>\r\n<b>Clear Tanning Mousse Dark<\/b><br \/>\r\nINCI: Aqua (Water)*, Dihydroxyacetone*, Glycerin*, Saccharide Isomerate*, Caprylyl\/Capryl Glucoside*, Aloe barbadensis (Aloe Vera) Leaf Juice Powder*, Glycyrrhiza glabra (Licorice) Root Extract*, Rubus idaeus (Raspberry) Leaf Extract*, Punica granatum (Pomegranate) Juice Extract*, Ginkgo biloba (Ginkgo) Leaf Extract*, Cucumis sativus (Cucumber) Fruit Extract*, Hamamelis virginiana (Witchhazel) Leaf Extract*, Fucus vesiculosus (Bladderwrack) Extract*, Carica papaya (Papaya) Fruit Extract*, Vitis vinifera (Grape) Fruit Extract*, Cucumis melo (Melon) Fruit Extract*, Hyaluronic Acid*, Sodium Citrate*, Chlorphenesin, Citric Acid.<br \/>\r\n*Organic\/Natural<br \/>\r\n<br \/>\r\n<font size=\"8\"><i>Tootjal on \u00f5igus vajadusest tulenevalt toote koostist parendada ja uuendada vastavalt kehtivatele regulatsioonidele.<br \/>\r\nToote pakendil olev teave vastab pakendi sisule.<\/i><\/font>\r\n<\/div><\/div><\/div>\r\n<\/div>\r\n\n","protected":false},"excerpt":{"rendered":"<p><strong>V\u00e4rvitu isepruunistav vaht, 200 ml<\/strong><\/p>\n<p>Saadaval kahes toonis:<br \/>\n<strong><em>Medium<\/em><\/strong>\u00a0| Keskmine toon<br \/>\n<strong><em>Dark<\/em><\/strong>\u00a0| Tume toon<\/p>\n<p>\u00dclikiiresti kuivava v\u00e4rvitu isepruunistava vahu \u00f5huline koostis annab teile tumedama tulemusega p\u00e4evituse, mis p\u00fcsib nahal 4-7 p\u00e4eva. Kui eelistate kiiret ja lihtsat kasutusmeetodit ning tahate v\u00e4ltida m\u00e4\u00e4rdumist, siis v\u00e4rvitu isepruunistav vaht on teie jaoks ideaalne valik! \u00d6koloogilistest taimsetest koostisosadest pakatavat v\u00e4rvitut pruunistusvahtu on mugav nahale kanda, muret tundmata riiete m\u00e4\u00e4rdumise p\u00e4rast. Keskmise v\u00f5i tumedama tulemusega, loomuliku v\u00e4limusega p\u00e4evituse saavutate 8 tunni jooksul peale toote nahale kandmist.<br \/>\n\u2022 \u00d5huline ja kiiresti kuivav koostis.<br \/>\n\u2022 V\u00e4rvitu toode m\u00e4\u00e4rdumise v\u00e4ltimiseks.<br \/>\n\u2022 Vegan toode, sobib kasutamiseks nii n\u00e4ol kui kehal.<\/p>\n<p>Vita Liberata pakub p\u00e4evitust, mida sinu nahk tahab!<\/p>\n<p>KASUTAMINE: Enne pruunistamist \u00e4rge kasutage nahal kreeme v\u00f5i \u00f5lisid ning veenduge, et nahk oleks eelnevalt kooritud ja puhas. Pumbake kaks kuni kolm korda toodet aplikaatorkindale ja masseerige see nahale pikkade ringjate liigutustega ning korrake tegevust \u00fcle kogu keha. Kasutage toodet s\u00e4\u00e4stlikult k\u00e4e- ja jalalabadel, p\u00f5lvedel ja k\u00fc\u00fcnarnukkidel. J\u00e4tke toode nahale v\u00e4hemalt 8 tunniks, seej\u00e4rel loputage maha ainult veega ja patsutage nahk kuivaks, mitte h\u00f5\u00f5rudes. Teie keskmise v\u00f5i tumedama tulemusega, loomuliku v\u00e4limusega p\u00e4evitus hajub nahalt maha \u00fchtlaselt 4-7 p\u00e4eva jooksul.<\/p>\n<p>Jaem\u00fc\u00fcgihind: 38.90 \u20ac<\/p>\n","protected":false},"featured_media":2986,"comment_status":"open","ping_status":"closed","template":"","meta":{"_mi_skip_tracking":false},"product_cat":[28],"product_tag":[],"_links":{"self":[{"href":"https:\/\/www.vitaliberata.fi\/et\/wp-json\/wp\/v2\/product\/2138"}],"collection":[{"href":"https:\/\/www.vitaliberata.fi\/et\/wp-json\/wp\/v2\/product"}],"about":[{"href":"https:\/\/www.vitaliberata.fi\/et\/wp-json\/wp\/v2\/types\/product"}],"replies":[{"embeddable":true,"href":"https:\/\/www.vitaliberata.fi\/et\/wp-json\/wp\/v2\/comments?post=2138"}],"wp:featuredmedia":[{"embeddable":true,"href":"https:\/\/www.vitaliberata.fi\/et\/wp-json\/wp\/v2\/media\/2986"}],"wp:attachment":[{"href":"https:\/\/www.vitaliberata.fi\/et\/wp-json\/wp\/v2\/media?parent=2138"}],"wp:term":[{"taxonomy":"product_cat","embeddable":true,"href":"https:\/\/www.vitaliberata.fi\/et\/wp-json\/wp\/v2\/product_cat?post=2138"},{"taxonomy":"product_tag","embeddable":true,"href":"https:\/\/www.vitaliberata.fi\/et\/wp-json\/wp\/v2\/product_tag?post=2138"}],"curies":[{"name":"wp","href":"https:\/\/api.w.org\/{rel}","templated":true}]}}