{"id":2137,"date":"2018-05-07T10:44:28","date_gmt":"2018-05-07T07:44:28","guid":{"rendered":"http:\/\/www.vitaliberata.fi\/et\/tuotteet\/golden-tan-mitt-levityskinnas\/"},"modified":"2022-04-29T16:14:11","modified_gmt":"2022-04-29T13:14:11","slug":"golden-tan-mitt-aplikaatorkinnas","status":"publish","type":"product","link":"https:\/\/www.vitaliberata.fi\/et\/tuotteet\/golden-tan-mitt-aplikaatorkinnas\/","title":{"rendered":"Dual Sided Tanning Mitt"},"content":{"rendered":"\r\n<div id=\"accordion\" class=\"accordion\">\r\n\r\n<div class=\"accordion-group\"><div class=\"accordion-heading pl-contrast\"><a class=\"accordion-toggle\" data-toggle=\"collapse\" data-parent=\"#accordion\" href=\"#collapse2\">KOOSTISOSAD<\/a><\/div><div id=\"collapse2\" class=\"accordion-body collapse \"><div class=\"accordion-inner\">\r\n\r\n&lt;b&gt;Dual Sided Luxury Velvet Tanning Mitt&lt;\/b&gt;&lt;br \/&gt;\r\nPolyester 50%, Polyurethane 50%.\r\n\r\n<\/div><\/div><\/div>\r\n<\/div>\r\n\n","protected":false},"excerpt":{"rendered":"<p><strong>Kahepoolne luksuslik aplikaatorkinnas<\/strong><\/p>\n<p>T\u00e4iustage oma isepruunistamisrutiini selle luksusliku aplikaatorkindaga, et saavutada ideaalne, triipudeta p\u00e4evitus. See v\u00e4ga vajalik abivahend kaitseb teie peopesasid ja aitab toodet mugavamalt nahale kanda, tagades iga kord sujuva ja veatu p\u00e4evituse.<br \/>\n\u2022 Aplikaatorkinnas on m\u00f5eldud kasutamiseks nii n\u00e4ol kui kehal.<br \/>\n\u2022 Ideaalne tulemus igal kasutuskorral.<br \/>\n\u2022 Korduvkasutatav ja kergesti pestav.<\/p>\n<p>Vita Liberata pakub p\u00e4evitust, mida sinu nahk tahab!<\/p>\n<p>KASUTAMINE: Kandke toode kindale ja pigistage see kokku, et toode oleks \u00fchtlaselt jaotunud ning masseerige see ringjate liigutustega puhtale nahale, et saavutada triipudeta ja veatu tulemus. Kasutades kinda teist puhast poolt, hajutage ja p\u00fchkige \u00fcle k\u00e4e- ja jalalabad, p\u00f5lved ja k\u00fc\u00fcnarnukid. Aplikaatorkinnas on korduvkasutatav. Peske kinnast k\u00e4sitsi leige veega ja laske kuivada, et kinnas oleks valmis j\u00e4rgmiseks pruunistamise protseduuriks.<\/p>\n<p>Jaem\u00fc\u00fcgihind: 7,90 \u20ac<\/p>\n","protected":false},"featured_media":2976,"comment_status":"open","ping_status":"closed","template":"","meta":{"_mi_skip_tracking":false},"product_cat":[36],"product_tag":[],"_links":{"self":[{"href":"https:\/\/www.vitaliberata.fi\/et\/wp-json\/wp\/v2\/product\/2137"}],"collection":[{"href":"https:\/\/www.vitaliberata.fi\/et\/wp-json\/wp\/v2\/product"}],"about":[{"href":"https:\/\/www.vitaliberata.fi\/et\/wp-json\/wp\/v2\/types\/product"}],"replies":[{"embeddable":true,"href":"https:\/\/www.vitaliberata.fi\/et\/wp-json\/wp\/v2\/comments?post=2137"}],"wp:featuredmedia":[{"embeddable":true,"href":"https:\/\/www.vitaliberata.fi\/et\/wp-json\/wp\/v2\/media\/2976"}],"wp:attachment":[{"href":"https:\/\/www.vitaliberata.fi\/et\/wp-json\/wp\/v2\/media?parent=2137"}],"wp:term":[{"taxonomy":"product_cat","embeddable":true,"href":"https:\/\/www.vitaliberata.fi\/et\/wp-json\/wp\/v2\/product_cat?post=2137"},{"taxonomy":"product_tag","embeddable":true,"href":"https:\/\/www.vitaliberata.fi\/et\/wp-json\/wp\/v2\/product_tag?post=2137"}],"curies":[{"name":"wp","href":"https:\/\/api.w.org\/{rel}","templated":true}]}}