{"id":1962,"date":"2017-04-19T14:30:54","date_gmt":"2017-04-19T11:30:54","guid":{"rendered":"http:\/\/www.vitaliberata.fi\/et\/?post_type=product&#038;p=1962"},"modified":"2022-04-29T16:11:07","modified_gmt":"2022-04-29T13:11:07","slug":"phenomenal-mousse-dark-pitkakestoinen-rusketusvaahto","status":"publish","type":"product","link":"https:\/\/www.vitaliberata.fi\/et\/tuotteet\/phenomenal-mousse-dark-pitkakestoinen-rusketusvaahto\/","title":{"rendered":"Tanning Mousse Tinted"},"content":{"rendered":"<p>&nbsp;<\/p>\n\r\n<div id=\"accordion\" class=\"accordion\">\r\n\r\n<div class=\"accordion-group\"><div class=\"accordion-heading pl-contrast\"><a class=\"accordion-toggle\" data-toggle=\"collapse\" data-parent=\"#accordion\" href=\"#collapse2\">KOOSTISOSAD<\/a><\/div><div id=\"collapse2\" class=\"accordion-body collapse \"><div class=\"accordion-inner\">\r\n<b>Tinted Tanning Mousse Medium<\/b><br>\r\nINCI: Aqua (Water)*, Dihydroxyacetone*, Glycerin*, Caramel*, Saccharide Isomerate*, Caprylyl\/Capryl Glucoside*, Aloe barbadensis (Aloe Vera) Leaf Juice Powder*, Glycyrrhiza glabra (Licorice) Root Extract*, Rubus idaeus (Raspberry) Leaf Extract*, Punica granatum (Pomegranate) Juice Extract*, Ginkgo biloba (Ginkgo) Leaf Extract*, Cucumis sativus (Cucumber) Fruit Extract*, Hamamelis virginiana (Witchhazel) Leaf Extract*, Fucus vesiculosus (Bladderwrack) Extract*, Carica papaya (Papaya) Fruit Extract*, Vitis vinifera (Grape) Fruit Extract*, Cucumis melo (Melon) Fruit Extract*, Hyaluronic Acid*, Sodium Citrate*, Chlorphenesin, Citric Acid.<br>\r\n*Organic\/Natural<br>\r\n<br>\r\n<b>Tinted Tanning Mousse Dark<\/b><br>\r\nINCI: Aqua (Water)*, Dihydroxyacetone*, Glycerin*, Caramel*, Saccharide Isomerate*, Caprylyl\/Capryl Glucoside*, Aloe barbadensis (Aloe Vera) Leaf Juice Powder*, Glycyrrhiza glabra (Licorice) Root Extract*, Rubus idaeus (Raspberry) Leaf Extract*, Punica granatum (Pomegranate) Juice Extract*, Ginkgo biloba (Ginkgo) Leaf Extract*, Cucumis sativus (Cucumber) Fruit Extract*, Hamamelis virginiana (Witchhazel) Leaf Extract*, Fucus vesiculosus (Bladderwrack) Extract*, Carica papaya (Papaya) Fruit Extract*, Vitis vinifera (Grape) Fruit Extract*, Cucumis melo (Melon) Fruit Extract*, Hyaluronic Acid*, Sodium Citrate*, Chlorphenesin, Citric Acid.<br> \r\n*Organic\/Natural\r\n<\/div><\/div><\/div>\r\n<\/div>\r\n\n","protected":false},"excerpt":{"rendered":"<p><strong>Toonitud isepruunistav vaht, 200 ml<\/strong><\/p>\n<p>Saadaval kahes toonis:<br \/>\n<strong><em>Medium<\/em><\/strong> | Keskmine toon<br \/>\n<strong><em>Dark<\/em><\/strong> | Tume toon<\/p>\n<p>Super kiiresti kuivav ja v\u00e4ga kergesti nahale kantav toonitud isepruunistav vaht sobib suurep\u00e4raselt neile, kes soovivad kiiret ja lihtsat lahendust. Vahus sisalduv pigment lihtsustab toote nahale kandmist, et n\u00e4eksite kuhu toodet on juba kantud. Nautige imelist, loomuliku v\u00e4limusega p\u00e4evitust toonitud isepruunistava vahuga igal kasutuskorral. Vaht on rikastatud \u00f6koloogiliste taimsete koostisosadega, mis rahustavad, niisutavad ja toidavad nahka, luues samal ajal nahale loomuliku s\u00e4rava keskmise v\u00f5i tumedama tumedusega p\u00e4evituse, mis hajub nahalt maha \u00fchtlaselt 4-7 p\u00e4eva jooksul.<br \/>\n\u2022 Loomuliku v\u00e4limusega p\u00e4evitustulemus.<br \/>\n\u2022 \u00d5huline ja kiiresti kuivav koostis.<br \/>\n\u2022 Toonitud koostis lihtsustab toote nahale kandmist.<br \/>\n\u2022 Vegan toode, sobib kasutamiseks nii n\u00e4ol kui kehal.<\/p>\n<p>Vita Liberata pakub p\u00e4evitust, mida sinu nahk tahab!<\/p>\n<p>KASUTAMINE: Enne pruunistamist \u00e4rge kasutage nahal kreeme v\u00f5i \u00f5lisid ning veenduge, et nahk oleks eelnevalt kooritud ja puhas. Pumbake kaks kuni kolm korda toodet aplikaatorkindale ja masseerige see nahale pikkade ringjate liigutustega ning korrake tegevust \u00fcle kogu keha. Kasutage toodet s\u00e4\u00e4stlikult k\u00e4e- ja jalalabadel, p\u00f5lvedel ja k\u00fc\u00fcnarnukkidel. J\u00e4tke toode nahale v\u00e4hemalt 8 tunniks, seej\u00e4rel loputage maha ainult veega ja patsutage nahk kuivaks, mitte h\u00f5\u00f5rudes. Teie keskmise v\u00f5i tumedama tulemusega, loomuliku v\u00e4limusega p\u00e4evitus hajub nahalt maha \u00fchtlaselt 4-7 p\u00e4eva jooksul.<\/p>\n<p>Jaem\u00fc\u00fcgihind: 36.90 \u20ac<\/p>\n","protected":false},"featured_media":2993,"comment_status":"open","ping_status":"closed","template":"","meta":{"_mi_skip_tracking":false},"product_cat":[28],"product_tag":[],"_links":{"self":[{"href":"https:\/\/www.vitaliberata.fi\/et\/wp-json\/wp\/v2\/product\/1962"}],"collection":[{"href":"https:\/\/www.vitaliberata.fi\/et\/wp-json\/wp\/v2\/product"}],"about":[{"href":"https:\/\/www.vitaliberata.fi\/et\/wp-json\/wp\/v2\/types\/product"}],"replies":[{"embeddable":true,"href":"https:\/\/www.vitaliberata.fi\/et\/wp-json\/wp\/v2\/comments?post=1962"}],"wp:featuredmedia":[{"embeddable":true,"href":"https:\/\/www.vitaliberata.fi\/et\/wp-json\/wp\/v2\/media\/2993"}],"wp:attachment":[{"href":"https:\/\/www.vitaliberata.fi\/et\/wp-json\/wp\/v2\/media?parent=1962"}],"wp:term":[{"taxonomy":"product_cat","embeddable":true,"href":"https:\/\/www.vitaliberata.fi\/et\/wp-json\/wp\/v2\/product_cat?post=1962"},{"taxonomy":"product_tag","embeddable":true,"href":"https:\/\/www.vitaliberata.fi\/et\/wp-json\/wp\/v2\/product_tag?post=1962"}],"curies":[{"name":"wp","href":"https:\/\/api.w.org\/{rel}","templated":true}]}}