{"id":1789,"date":"2016-04-27T21:17:01","date_gmt":"2016-04-27T18:17:01","guid":{"rendered":"http:\/\/www.vitaliberata.fi\/tuotteet\/self-tanning-anti-age-serum-isepruunistav-vananemise-ilminguid-pidurdav-seerum\/"},"modified":"2022-04-29T16:42:00","modified_gmt":"2022-04-29T13:42:00","slug":"self-tanning-anti-age-serum-isepruunistav-vananemise-ilminguid-pidurdav-seerum","status":"publish","type":"product","link":"https:\/\/www.vitaliberata.fi\/et\/tuotteet\/self-tanning-anti-age-serum-isepruunistav-vananemise-ilminguid-pidurdav-seerum\/","title":{"rendered":"Anti-Age Tanning Face Serum"},"content":{"rendered":"\r\n<div id=\"accordion\" class=\"accordion\">\r\n\r\n<div class=\"accordion-group\"><div class=\"accordion-heading pl-contrast\"><a class=\"accordion-toggle\" data-toggle=\"collapse\" data-parent=\"#accordion\" href=\"#collapse2\">KOOSTISOSAD<\/a><\/div><div id=\"collapse2\" class=\"accordion-body collapse \"><div class=\"accordion-inner\">\r\n<b>Tanning Anti-Age Face Serum<\/b><br \/>\r\nINCI: Aqua (Water)*, Alcohol, Butylene Glycol, Dihydroxyacetone*, Polysorbate 80, Glycerin*, Phenylpropanol, Caprylyl Glycol, Propanediol, Bakuchiol*, Xanthan Gum*, Aloe barbadensis (Aloe Vera) Leaf Juice Powder*, Sodium Metabisulfite, Parfum (Fragrance), Benzyl Salicylate, Hexyl Cinnamal, Limonene, Linalool, Citric Acid. <br \/>\r\n*Organic\/Natural<br \/>\r\n<br \/>\r\n<font size=\"8\"><i>Tootjal on \u00f5igus vajadusest tulenevalt toote koostist parendada ja uuendada vastavalt kehtivatele regulatsioonidele.<br \/>\r\nToote pakendil olev teave vastab pakendi sisule.<\/i><\/font>\r\n<\/div><\/div><\/div>\r\n<\/div>\r\n\n","protected":false},"excerpt":{"rendered":"<p><strong>Isepruunistav vananemisvastane n\u00e4oseerum, 15 ml<\/strong><\/p>\n<p>Isepruunistava n\u00e4oseerumiga saate loomuliku v\u00e4limusega kohandatava p\u00e4evituse koos vananemisvastaste omadustega. See n\u00e4oseerum on ainulaadne kahetoimeline n\u00e4otoode, ilma milleta ei saa elada! S\u00fcgavniisutav koostis, mis on loodud t\u00f6\u00f6tama koos teie olemasoleva nahahooldusrutiiniga, aidates v\u00f5idelda vananemisilmingute vastu ning luues j\u00e4rkj\u00e4rgult iga kasutuskorraga \u00f5rna p\u00e4ikselise jume. Kohandage ise oma p\u00e4evitust, segades seerumit oma niisutajaga v\u00f5i kandke toodet otse nahale, et saada p\u00e4ikseliselt s\u00e4rav jume.<br \/>\n\u2022 Kohandatav, loomuliku v\u00e4limusega p\u00e4evitustulemus.<br \/>\n\u2022 Bakuchiol aitab v\u00f5idelda vananemisilmingute vastu.<br \/>\n\u2022 Toidab ja niisutab nahka.<br \/>\n\u2022 Vegan toode.<\/p>\n<p>Vita Liberata pakub p\u00e4evitust, mida sinu nahk tahab!<\/p>\n<p>KASUTAMINE: Lisage oma niisutajale 1\u20138 tilka isepruunistavat vananemisvastast seerumit, et saada loomuliku v\u00e4limusega s\u00e4rav p\u00e4evitus. Segage seerum ja niisutaja vahetult enne kasutamist ning kandke see \u00fchtlaselt n\u00e4ole, kaelale ja dekolteepiirkonnale. \u00d5rna p\u00e4ikselise jume jaoks kasutage 1-4 tilka, s\u00fcgavama p\u00e4evituse jaoks 5-8 tilka. Tumedama tulemuse saavutamiseks kandke tilgad otse nahale, ilma niisutajata. Optimaalse tulemuse saavutamiseks oodake 8 tundi enne n\u00e4o pesemist. Koheselt peale toote kasutamist peske k\u00e4ed hoolikalt puhtaks.<\/p>\n<p>Jaem\u00fc\u00fcgihind: 39.90 \u20ac<\/p>\n","protected":false},"featured_media":3092,"comment_status":"open","ping_status":"closed","template":"","meta":{"_mi_skip_tracking":false},"product_cat":[40],"product_tag":[],"_links":{"self":[{"href":"https:\/\/www.vitaliberata.fi\/et\/wp-json\/wp\/v2\/product\/1789"}],"collection":[{"href":"https:\/\/www.vitaliberata.fi\/et\/wp-json\/wp\/v2\/product"}],"about":[{"href":"https:\/\/www.vitaliberata.fi\/et\/wp-json\/wp\/v2\/types\/product"}],"replies":[{"embeddable":true,"href":"https:\/\/www.vitaliberata.fi\/et\/wp-json\/wp\/v2\/comments?post=1789"}],"wp:featuredmedia":[{"embeddable":true,"href":"https:\/\/www.vitaliberata.fi\/et\/wp-json\/wp\/v2\/media\/3092"}],"wp:attachment":[{"href":"https:\/\/www.vitaliberata.fi\/et\/wp-json\/wp\/v2\/media?parent=1789"}],"wp:term":[{"taxonomy":"product_cat","embeddable":true,"href":"https:\/\/www.vitaliberata.fi\/et\/wp-json\/wp\/v2\/product_cat?post=1789"},{"taxonomy":"product_tag","embeddable":true,"href":"https:\/\/www.vitaliberata.fi\/et\/wp-json\/wp\/v2\/product_tag?post=1789"}],"curies":[{"name":"wp","href":"https:\/\/api.w.org\/{rel}","templated":true}]}}