{"id":1784,"date":"2016-01-19T17:30:18","date_gmt":"2016-01-19T15:30:18","guid":{"rendered":"http:\/\/www.vitaliberata.fi\/tuotteet\/fabulous-self-tanning-gradual-lotion-200ml\/"},"modified":"2022-04-29T16:03:55","modified_gmt":"2022-04-29T13:03:55","slug":"fabulous-self-tanning-gradual-lotion-200","status":"publish","type":"product","link":"https:\/\/www.vitaliberata.fi\/et\/tuotteet\/fabulous-self-tanning-gradual-lotion-200\/","title":{"rendered":"Gradual Lotion Untinted"},"content":{"rendered":"\r\n<div id=\"accordion\" class=\"accordion\">\r\n<div class=\"accordion-group\"><div class=\"accordion-heading pl-contrast\"><a class=\"accordion-toggle\" data-toggle=\"collapse\" data-parent=\"#accordion\" href=\"#collapse2\">KOOSTISOSAD<\/a><\/div><div id=\"collapse2\" class=\"accordion-body collapse \"><div class=\"accordion-inner\">\r\n<b>Untinted Fabulous Gradual Tanning Lotion<\/b><br \/>\r\nINCI: Aqua (Water)*, Dihydroxyacetone*, Homosalate, Ethylhexyl Methoxycinnamate, Synthetic Fluorphlogopite, Cyclopentasiloxane, Dimethicone\/Vinyl Dimethicone Crosspolymer, Phenyl Trimethicone, Cetearyl Alcohol, Glycerin*, Octocrylene, Cetyl Alcohol, Ceteareth-20, Isohexadecane, Isododecane, Neopentyl Glycol Diheptanoate, Glyceryl Stearate, Butyrospermum parkii (Shea) Butter*, Aloe barbadensis (Aloe Vera) Leaf Juice Powder*, Tocopheryl Acetate, Hyaluronic Acid*, Panthenol, Hydrolyzed Silk*, Tetrasodium Glutamate Diacetate, Phenoxyethanol, Ethylhexylglycerin, Citric Acid, Mica (CI 77019), Tin Oxide (CI 77861), Titanium Dioxide (CI 77891), CI 77491, CI 77492, CI 77499 (Iron Oxides).<br \/>\r\n*Organic\/Natural<br \/>\r\n<br \/>\r\n<font size=\"8\"><i>Tootjal on \u00f5igus vajadusest tulenevalt toote koostist parendada ja uuendada vastavalt kehtivatele regulatsioonidele.<br \/>\r\nToote pakendil olev teave vastab pakendi sisule.<\/i><\/font>\r\n<\/div><\/div><\/div>\r\n<\/div>\r\n\n","protected":false},"excerpt":{"rendered":"<p><strong>V\u00e4rvitu j\u00e4rkj\u00e4rguliselt isepruunistav kreem, 200 ml<\/strong><\/p>\n<p>V\u00e4rvitu kreem annab \u00f5rna p\u00e4ikselise jume, mis tekib j\u00e4rkj\u00e4rguliselt 8 tunni jooksul, j\u00e4ttes naha niisutatuks ja s\u00e4ravaks. Nii oma nimelt, kui olemuselt vapustavalt imeline j\u00e4rkj\u00e4rgult isepruunistav kreem on kaks \u00fches koostisega, et pakkuda ja hoida loomuliku v\u00e4limusega p\u00e4evitust aastaringselt. See v\u00e4rvitu ja \u00fcliniisutav isepruunistav kreem toimib kehaniisutajana ning samaaegselt ka naha pruunistajana, millega saate ise kohandada oma p\u00e4evitust.<br \/>\n\u2022 J\u00e4rkj\u00e4rguliselt s\u00fcvenev p\u00e4evitustulemus.<br \/>\n\u2022 V\u00e4rvitu toode m\u00e4\u00e4rdumise v\u00e4ltimiseks.<br \/>\n\u2022 Kohandatav p\u00e4evitus, v\u00f5ib kasutada igap\u00e4evaselt.<br \/>\n\u2022 Sobib kasutamiseks nii n\u00e4ol kui kehal.<\/p>\n<p>Vita Liberata pakub p\u00e4evitust, mida sinu nahk tahab!<\/p>\n<p>KASUTAMINE: Enne pruunistamist \u00e4rge kasutage nahal kreeme v\u00f5i \u00f5lisid ning veenduge, et nahk oleks eelnevalt kooritud ja puhas. Kandke kreem aplikaatorkindaga nahale masseerides pikkade ringjate liigutustega ning korrake tegevust \u00fcle kogu keha. Kasutage toodet s\u00e4\u00e4stlikult k\u00e4e- ja jalalabadel, p\u00f5lvedel ja k\u00fc\u00fcnarnukkidel. J\u00e4tke toode nahale v\u00e4hemalt 8 tunniks, seej\u00e4rel loputage maha ainult veega ja patsutage nahk kuivaks, mitte h\u00f5\u00f5rudes. Saate ise kohandada ja pikendada oma p\u00e4evitust, toodet v\u00f5ib kasutada igap\u00e4evaselt.<\/p>\n<p>Jaem\u00fc\u00fcgihind: 23.90 \u20ac<\/p>\n","protected":false},"featured_media":3012,"comment_status":"open","ping_status":"closed","template":"","meta":{"_mi_skip_tracking":false},"product_cat":[28],"product_tag":[],"_links":{"self":[{"href":"https:\/\/www.vitaliberata.fi\/et\/wp-json\/wp\/v2\/product\/1784"}],"collection":[{"href":"https:\/\/www.vitaliberata.fi\/et\/wp-json\/wp\/v2\/product"}],"about":[{"href":"https:\/\/www.vitaliberata.fi\/et\/wp-json\/wp\/v2\/types\/product"}],"replies":[{"embeddable":true,"href":"https:\/\/www.vitaliberata.fi\/et\/wp-json\/wp\/v2\/comments?post=1784"}],"wp:featuredmedia":[{"embeddable":true,"href":"https:\/\/www.vitaliberata.fi\/et\/wp-json\/wp\/v2\/media\/3012"}],"wp:attachment":[{"href":"https:\/\/www.vitaliberata.fi\/et\/wp-json\/wp\/v2\/media?parent=1784"}],"wp:term":[{"taxonomy":"product_cat","embeddable":true,"href":"https:\/\/www.vitaliberata.fi\/et\/wp-json\/wp\/v2\/product_cat?post=1784"},{"taxonomy":"product_tag","embeddable":true,"href":"https:\/\/www.vitaliberata.fi\/et\/wp-json\/wp\/v2\/product_tag?post=1784"}],"curies":[{"name":"wp","href":"https:\/\/api.w.org\/{rel}","templated":true}]}}