{"id":1775,"date":"2016-04-27T21:20:37","date_gmt":"2016-04-27T18:20:37","guid":{"rendered":"http:\/\/www.vitaliberata.fi\/tuotteet\/body-blur-2\/"},"modified":"2022-04-29T16:35:49","modified_gmt":"2022-04-29T13:35:49","slug":"body-blur-2","status":"publish","type":"product","link":"https:\/\/www.vitaliberata.fi\/et\/tuotteet\/body-blur-2\/","title":{"rendered":"Body Blur\u2122"},"content":{"rendered":"\r\n<div id=\"accordion\" class=\"accordion\">\r\n<div class=\"accordion-group\"><div class=\"accordion-heading pl-contrast\"><a class=\"accordion-toggle\" data-toggle=\"collapse\" data-parent=\"#accordion\" href=\"#collapse2\">KOOSTISOSAD<\/a><\/div><div id=\"collapse2\" class=\"accordion-body collapse \"><div class=\"accordion-inner\">\r\n<b>Body Blur\u2122 Light<\/b><br \/>\r\nINCI: Aqua (Water)*, Homosalate, Ethylhexyl Methoxycinnamate, Glycerin*,  Propanediol*, Synthetic Fluorphlogopite, Cetearyl Alcohol, Cyclopentasiloxane, Dimethicone\/Vinyl Dimethicone Crosspolymer, Phenyl Trimethicone, Octocrylene, Cetyl Alcohol, Glyceryl Stearate, Ceteareth-20, Phenoxyethanol, Butyrospermum parkii (Shea) Butter*, Tocopheryl Acetate, Panthenol, Tetrasodium Glutamate Diacetate, Dimethicone, Ethylhexylglycerin, Disodium EDTA, Citric Acid, Tin Oxide (CI 77861), Titanium Dioxide (CI 77891), CI 77491, CI 77492, CI 77499 (Iron Oxides). <br \/>\r\n*Organic\/Natural<br \/>\r\n<br \/>\r\n<b>Body Blur\u2122 Medium<\/b><br \/>\r\nINCI: Aqua (Water)*, Homosalate, Ethylhexyl Methoxycinnamate, Glycerin*, Propanediol*, Synthetic Fluorphlogopite, Cetearyl Alcohol, Cyclopentasiloxane, Dimethicone\/Vinyl Dimethicone Crosspolymer, Phenyl Trimethicone, Octocrylene, Cetyl Alcohol, Glyceryl Stearate, Ceteareth-20, Phenoxyethanol, Butyrospermum parkii (Shea) Butter*, Tocopheryl Acetate, Panthenol, Tetrasodium Glutamate Diacetate, Dimethicone, Ethylhexylglycerin, Disodium EDTA, Citric Acid, Tin Oxide (CI 77861), Titanium Dioxide (CI 77891), CI 77491, CI77492, CI 77499 (Iron Oxides). <br \/>\r\n*Organic\/Natural<br \/>\r\n<br \/>\r\n<font size=\"8\"><i>Tootjal on \u00f5igus vajadusest tulenevalt toote koostist parendada ja uuendada vastavalt kehtivatele regulatsioonidele.<br \/>\r\nToote pakendil olev teave vastab pakendi sisule.<\/i><\/font>\r\n<\/div><\/div><\/div>\r\n<\/div>\r\n\n","protected":false},"excerpt":{"rendered":"<p><strong>Keha jumestus, 100 ml<\/strong><\/p>\n<p>Saadaval kahes toonis:<br \/>\n<strong><em>Light<\/em><\/strong> | Heledale v\u00f5i keskmisele nahale<br \/>\n<strong><em>Medium<\/em><\/strong> | Keskmisele v\u00f5i p\u00e4evitunud nahale<\/p>\n<p>\u00dclim mahapestav keha jumestus, veatu ja s\u00e4ravalt jumeka naha saavutamiseks. Avastage koheselt veatu ja s\u00e4rava naha saladus Body Blur&#8217;i abiga, mis ainulaadselt t\u00e4iustab teie naha v\u00e4limust. Niisutav ja nahka t\u00e4iustav koostis \u00fchtlustab nahatooni ja peegeldab valgust, et saada koheselt veatu jume ja punase vaiba v\u00e4\u00e4riline naha viimistlus.<br \/>\n\u2022 Kohene, mahapestav jume.<br \/>\n\u2022 Valgustpeegeldav ja s\u00e4rav nahk.<br \/>\n\u2022 Lihtne kasutada, veatu tulemus.<\/p>\n<p>Vita Liberata pakub p\u00e4evitust, mida sinu nahk tahab!<\/p>\n<p>KASUTAMINE: Enne toote kasutamist veenduge, et nahk oleks puhas ja \u00e4rge kasutage niisutajat. Parima tulemuse saavutamiseks kandke v\u00e4ike kogus Body Blur&#8217;i aplikaatorkindale ja masseerige see pikkade ringjate liigutustega nahale. Dekolteele, k\u00e4e- ja jalalabadele kandes kasutage toodet s\u00e4\u00e4stlikult ja hajutage jumestuspintsliga.<\/p>\n<p>Jaem\u00fc\u00fcgihind: 37,90 \u20ac<\/p>\n","protected":false},"featured_media":3000,"comment_status":"open","ping_status":"closed","template":"","meta":{"_mi_skip_tracking":false},"product_cat":[34],"product_tag":[],"_links":{"self":[{"href":"https:\/\/www.vitaliberata.fi\/et\/wp-json\/wp\/v2\/product\/1775"}],"collection":[{"href":"https:\/\/www.vitaliberata.fi\/et\/wp-json\/wp\/v2\/product"}],"about":[{"href":"https:\/\/www.vitaliberata.fi\/et\/wp-json\/wp\/v2\/types\/product"}],"replies":[{"embeddable":true,"href":"https:\/\/www.vitaliberata.fi\/et\/wp-json\/wp\/v2\/comments?post=1775"}],"wp:featuredmedia":[{"embeddable":true,"href":"https:\/\/www.vitaliberata.fi\/et\/wp-json\/wp\/v2\/media\/3000"}],"wp:attachment":[{"href":"https:\/\/www.vitaliberata.fi\/et\/wp-json\/wp\/v2\/media?parent=1775"}],"wp:term":[{"taxonomy":"product_cat","embeddable":true,"href":"https:\/\/www.vitaliberata.fi\/et\/wp-json\/wp\/v2\/product_cat?post=1775"},{"taxonomy":"product_tag","embeddable":true,"href":"https:\/\/www.vitaliberata.fi\/et\/wp-json\/wp\/v2\/product_tag?post=1775"}],"curies":[{"name":"wp","href":"https:\/\/api.w.org\/{rel}","templated":true}]}}