{"id":1749,"date":"2016-08-15T14:42:05","date_gmt":"2016-08-15T11:42:05","guid":{"rendered":"http:\/\/www.vitaliberata.fi\/?page_id=1749"},"modified":"2018-02-22T15:13:52","modified_gmt":"2018-02-22T13:13:52","slug":"vita-liberata","status":"publish","type":"page","link":"https:\/\/www.vitaliberata.fi\/et\/vita-liberata\/","title":{"rendered":"Vita Liberata"},"content":{"rendered":"<h1>VITA LIBERATA LUXURY TAN<\/h1>\n<p>Vita Liberata <em>advanced organics<\/em> meeskond koosneb kirglikest nahahoolduse ja p\u00e4evituse ekspertidest.<\/p>\n<p>Aastal 2007 t\u00f6\u00f6tas Vita Liberata meeskond valja uudse ja unikaalse tehnoloogia <em>Odour Remove\u2122<\/em>, mis eemaldab isepruunistavate toodete\u00a0iseloomuliku l\u00f5hna. T\u00e4naseks on see tehnoloogia kasutusel k\u00f5ikides Vita Liberata toodetes &#8211; nii kodukasutuse kui ka\u00a0salongi spreip\u00e4evituse toodetes.<\/p>\n<p>Aastal 2011 sai Vita Liberata&#8217;st maailma esimene toksiliste ainete vaba, \u00f6koloogiliste isepruunistavate\u00a0toodete kaubam\u00e4rk.<\/p>\n<p>Vita Liberata\u00a0innovatiivsed ja k\u00f5rge kvaliteediga tooted said\u00a0kiiresti maailma parimate spa&#8217;de lemmikuks, mida kasutatakse nimekates spa&#8217;des nagu <em>George V Paris<\/em>, <em>St Regis<\/em>, <em>The Ritz-Carlton<\/em>, <em>Viceroy<\/em>, <em>WHotels<\/em>, <em>Benefit<\/em>, <em>ELLE spa<\/em>, <em>MGM Mirage<\/em>, <em>Waldorf Astoria<\/em>, <em>Mokara<\/em>, <em>Sephora<\/em>,\u00a0<em>Burj Al Arab<\/em> jt.<\/p>\n<p>Vita Liberata tooted ei sisalda eeterlikke \u00f5lisid, parabeene, alkoholi ega parf\u00fc\u00fcme. Toodetes kasutatakse sertifitseeritud \u00f6koloogilisi\u00a0koostisosi, mis on oma kategooria puhtaimad.\u00a0Soovime pakkuda niisutavat nahahooldust, mis samaaegselt nahka pruunistab, kinkides veatu ja nahatooniga imeliselt harmoneeruva jume\u00a0ning sametpehme naha.<br \/>\nVita Liberata p\u00e4evitustehnoloogiad t\u00f5estavad, et isepruunistavad tooted on m\u00f5eldud k\u00f5igile ning on suurep\u00e4raseks alternatiiviks p\u00e4ikesepaistel p\u00e4evitamisele.<\/p>\n<p>Vita Liberata on v\u00e4lja t\u00f6\u00f6tanud j\u00e4rgmised uuenduslikud tehnoloogiad &#8211;\u00a0<em>Moisture Locking<\/em> ehk nahaniisutaja, mis lukustab niiskuse 72 tunniks; <em>Odour Remove\u2122<\/em> l\u00f5hnatu isepruunistaja, <em>pHenO2\u2122<\/em> p\u00e4evituse pikemaks kestmiseks, <em>HyH20\u2122<\/em> vananemisvastane niisutus, <em>Trystal3\u2122\u00a0<\/em>tehnoloogia, mis pakub pruunistusefekti kristalliseerunud vormis.<br \/>\nVita Liberata \u00fcks\u00a0uuemaid ja innovaatilisemaid tooteid <em>pHenomenal 2-3 Week Tan<\/em> kestab kuni neli korda kauem tavalistest isepruunistajatest ning seda on \u00fclimalt lihtne nahale\u00a0kanda. Vaht\u00a0kuivab koheselt, mis v\u00f5imaldab kohe ka riietuda. \u00d6koloogilised\u00a0koostisosad\u00a0ja niiskuse lukustuss\u00fcsteem kindlustavad p\u00e4evituse t\u00e4iuslikult \u00fchtlase kulumise.<br \/>\n<em>Trystal\u2122<\/em> <em>Minerals<\/em> on maailma esimene isepruunistav mineraalpuuder. See toode kaotab piirid kosmeetika ja p\u00e4evitamise vahel, andes kauni ja naturaalse jume, mis kestab ka p\u00e4rast puudri mahapesemist.<\/p>\n<p>Vita Liberata on\u00a0maailma juhtiv mittetoksilise ja \u00f6koloogilise\u00a0p\u00e4evituse ettev\u00f5te.<\/p>\n<p>Vita Liberata pakub k\u00f5ige laiemat valikut koduskasutatavaid ja professionaalseid p\u00e4evitustooteid, mis sobivad iga nahat\u00fc\u00fcbi ja -tooniga, garanteerides absoluutselt parima p\u00e4evituskogemuse igal kasutuskorral ning, mis kulub nahalt laitmatult ilma, et seda m\u00e4rkakski.<\/p>\n<p>Vita Liberata kaubam\u00e4rgil on hulganisti f\u00e4nne kuulsuste seas \u00fcle\u00a0maailmselt kui ka Eestis \u2013 Gwyneth Paltrow, Kim Kardashian, Kelly Brook, Sofia Vergara, Rita Ora, Ellie Goulding, Sienna Miller, Alessandra Ambrosio, Kirsten Dunst, Liis Lemsalu, Grete Paia, Helena Mang, Egle Eller-Nabi, Merilin Taimre &#8211; Paljas Porgand, Reet H\u00e4rmat, Linda Ling, Brigitte Susanne Hunt jne.<\/p>\n","protected":false},"excerpt":{"rendered":"<p>VITA LIBERATA LUXURY TAN Vita Liberata advanced organics meeskond koosneb kirglikest nahahoolduse ja p\u00e4evituse ekspertidest. Aastal 2007 t\u00f6\u00f6tas Vita Liberata meeskond valja uudse ja unikaalse tehnoloogia Odour Remove\u2122, mis eemaldab isepruunistavate toodete\u00a0iseloomuliku l\u00f5hna. T\u00e4naseks on see tehnoloogia kasutusel k\u00f5ikides Vita Liberata toodetes &#8211; nii kodukasutuse kui ka\u00a0salongi spreip\u00e4evituse toodetes. Aastal 2011 sai Vita Liberata&#8217;st maailma [&#8230;]<\/p>\n","protected":false},"author":4,"featured_media":0,"parent":0,"menu_order":0,"comment_status":"closed","ping_status":"open","template":"","meta":{"_mi_skip_tracking":false},"_links":{"self":[{"href":"https:\/\/www.vitaliberata.fi\/et\/wp-json\/wp\/v2\/pages\/1749"}],"collection":[{"href":"https:\/\/www.vitaliberata.fi\/et\/wp-json\/wp\/v2\/pages"}],"about":[{"href":"https:\/\/www.vitaliberata.fi\/et\/wp-json\/wp\/v2\/types\/page"}],"author":[{"embeddable":true,"href":"https:\/\/www.vitaliberata.fi\/et\/wp-json\/wp\/v2\/users\/4"}],"replies":[{"embeddable":true,"href":"https:\/\/www.vitaliberata.fi\/et\/wp-json\/wp\/v2\/comments?post=1749"}],"version-history":[{"count":11,"href":"https:\/\/www.vitaliberata.fi\/et\/wp-json\/wp\/v2\/pages\/1749\/revisions"}],"predecessor-version":[{"id":2094,"href":"https:\/\/www.vitaliberata.fi\/et\/wp-json\/wp\/v2\/pages\/1749\/revisions\/2094"}],"wp:attachment":[{"href":"https:\/\/www.vitaliberata.fi\/et\/wp-json\/wp\/v2\/media?parent=1749"}],"curies":[{"name":"wp","href":"https:\/\/api.w.org\/{rel}","templated":true}]}}