{"id":1721,"date":"2016-08-15T12:48:01","date_gmt":"2016-08-15T09:48:01","guid":{"rendered":"http:\/\/www.vitaliberata.fi\/?page_id=1721"},"modified":"2023-03-08T14:18:26","modified_gmt":"2023-03-08T12:18:26","slug":"spray-paevitus-salongid","status":"publish","type":"page","link":"https:\/\/www.vitaliberata.fi\/et\/spray-paevitus-salongid\/","title":{"rendered":"Spreip\u00e4evitus"},"content":{"rendered":"<h1>SPREIP\u00c4EVITUS<\/h1>\n<p>Aastal 2011 sai Vita Liberata&#8217;st maailma esimene toksiliste ainete vaba, \u00f6koloogiliste isepruunistavate profi- ja jaem\u00fc\u00fcgitoodete kaubam\u00e4rk.<\/p>\n<p>Vita Liberata innovatiivsed ja k\u00f5rgekvaliteedilised tooted said kiiresti maailma parimate spa&#8217;de lemmikuks! J\u00e4rgnevad nimekad spa&#8217;d on v\u00f5tnud Vita Liberata\u00a0profi- ja jaem\u00fc\u00fcgitooted oma valikusse &#8211;\u00a0<em>George V Paris<\/em>, <em>St Regis<\/em>, <em>The Ritz-Carlton<\/em>, <em>Viceroy<\/em>, <em>W Hotels<\/em>, <em>Benefit<\/em>, <em>ELLE spa<\/em>, <em>MGM Mirage<\/em>, <em>Waldorf Astoria<\/em>, <em>Mokara<\/em>, <em>Sephora<\/em>, <em>Burj Al Arab<\/em> jt.<\/p>\n<p>Vita Liberata tooted ei sisalda eeterlikke \u00f5lisid, parabeene, alkoholi ega parf\u00fc\u00fcme. Toodetes kasutatakse sertifitseeritud \u00f6koloogilisi koostisosi, mis on oma kategooria puhtaimad.\u00a0Pakume niisutavat nahahooldust, mis samaaegselt nahka pruunistab, kinkides veatu ja nahatooniga imeliselt harmoneeruva jume ning sametpehme naha. Vita Liberata p\u00e4evitustehnoloogiad t\u00f5estavad, et isepruunistavad tooted on m\u00f5eldud k\u00f5igile ning on suurep\u00e4raseks alternatiiviks p\u00e4ikesepaistel p\u00e4evitamisele.<\/p>\n<p>Vita Liberata \u00f6koloogilised ilu proffidele m\u00f5eldud spreip\u00e4evituse tooted annavad v\u00f5imaluse pakkuda oma klientidele t\u00f5eliselt luksuslikku teenust. Nii salongis, kui mobiilses p\u00e4evituskabiinis kasutatakse suure v\u00f5imsusega spreip\u00e4evituse seadet, mis tagab kliendile kiire, meeldiva ja t\u00f5eliselt kvaliteetse p\u00e4evituskogemuse.<\/p>\n","protected":false},"excerpt":{"rendered":"<p>SPREIP\u00c4EVITUS Aastal 2011 sai Vita Liberata&#8217;st maailma esimene toksiliste ainete vaba, \u00f6koloogiliste isepruunistavate profi- ja jaem\u00fc\u00fcgitoodete kaubam\u00e4rk. Vita Liberata innovatiivsed ja k\u00f5rgekvaliteedilised tooted said kiiresti maailma parimate spa&#8217;de lemmikuks! J\u00e4rgnevad nimekad spa&#8217;d on v\u00f5tnud Vita Liberata\u00a0profi- ja jaem\u00fc\u00fcgitooted oma valikusse &#8211;\u00a0George V Paris, St Regis, The Ritz-Carlton, Viceroy, W Hotels, Benefit, ELLE spa, MGM Mirage, [&#8230;]<\/p>\n","protected":false},"author":4,"featured_media":0,"parent":0,"menu_order":0,"comment_status":"closed","ping_status":"closed","template":"","meta":{"_mi_skip_tracking":false},"_links":{"self":[{"href":"https:\/\/www.vitaliberata.fi\/et\/wp-json\/wp\/v2\/pages\/1721"}],"collection":[{"href":"https:\/\/www.vitaliberata.fi\/et\/wp-json\/wp\/v2\/pages"}],"about":[{"href":"https:\/\/www.vitaliberata.fi\/et\/wp-json\/wp\/v2\/types\/page"}],"author":[{"embeddable":true,"href":"https:\/\/www.vitaliberata.fi\/et\/wp-json\/wp\/v2\/users\/4"}],"replies":[{"embeddable":true,"href":"https:\/\/www.vitaliberata.fi\/et\/wp-json\/wp\/v2\/comments?post=1721"}],"version-history":[{"count":11,"href":"https:\/\/www.vitaliberata.fi\/et\/wp-json\/wp\/v2\/pages\/1721\/revisions"}],"predecessor-version":[{"id":3120,"href":"https:\/\/www.vitaliberata.fi\/et\/wp-json\/wp\/v2\/pages\/1721\/revisions\/3120"}],"wp:attachment":[{"href":"https:\/\/www.vitaliberata.fi\/et\/wp-json\/wp\/v2\/media?parent=1721"}],"curies":[{"name":"wp","href":"https:\/\/api.w.org\/{rel}","templated":true}]}}