{"id":1713,"date":"2016-08-15T12:20:20","date_gmt":"2016-08-15T09:20:20","guid":{"rendered":"http:\/\/www.vitaliberata.fi\/en\/?page_id=1713"},"modified":"2023-03-08T14:10:21","modified_gmt":"2023-03-08T12:10:21","slug":"kontakt","status":"publish","type":"page","link":"https:\/\/www.vitaliberata.fi\/et\/kontakt\/","title":{"rendered":"Edasim\u00fc\u00fcjad &#038; Kontakt"},"content":{"rendered":"<h1>EDASIM\u00dc\u00dcJAD<\/h1>\n<div class=\"row\">\n<div class=\"span4\">\n<p><strong>KAUPLUSED<\/strong><\/p>\n<p><a href=\"https:\/\/www.ilu.ee\/catalogsearch\/result\/?q=vita+liberata\" target=\"_blank\" rel=\"noopener\">I.L.U. Kauplused<br \/>\n<\/a>I.L.U. Kristiine |\u00a0Endla 45, \u00a0Tallinn<br \/>\nI.L.U. L\u00f5unakeskus |\u00a0Ringtee 75, Tartu<br \/>\nI.L.U. P\u00e4rnu Keskus |\u00a0Aida 7, P\u00e4rnu<br \/>\nI.L.U.\u00a0Rocca al Mare | Paldiski mnt 102, Tallinn<br \/>\nI.L.U. \u00dclemiste |\u00a0Suur-S\u00f5jam\u00e4e 4, Tallinn<\/p>\n<p><a href=\"https:\/\/www.stockmann.ee\" target=\"_blank\" rel=\"noopener\">STOCKMANN&#8217;i Kaubamaja<\/a> |\u00a0Liivalaia 53, Tallin<\/p>\n<p><a href=\"https:\/\/www.kaubamaja.ee\/search\/?q=vita+liberata\" target=\"_blank\" rel=\"noopener\">TALLINNA Kaubamaja<\/a> |\u00a0Gonsiori 2, Tallinn<br \/>\nTARTU\u00a0Kaubamaja |\u00a0Riia 1, Tartu<\/p>\n<p><a href=\"https:\/\/tradehouse.ee\/et\/?q=vita+liberata\" target=\"_blank\" rel=\"noopener\">TRADEHOUSE Ilukaubamajad<\/a><br \/>\nNautica Keskus | Ahtri 9, Tallinn<br \/>\nPort Artur 1 | Hommiku 2, P\u00e4rnu<br \/>\nKvartali Keskus | Riia tn 2, Tartu<br \/>\nAstri Keskus | Tallinna mnt 41, Narva<\/p>\n<p>&nbsp;<\/p>\n<\/div>\n<div class=\"span4\">\n<p><strong>E-POED<br \/>\n<\/strong><a href=\"https:\/\/www.apothekabeauty.ee\/tooted\/brandid\/vita-liberata\" target=\"_blank\" rel=\"noopener\"><br \/>\n<\/a><a href=\"https:\/\/www.ilu.ee\/catalogsearch\/result\/?q=vita+liberata\">www.ilu.ee<\/a><\/p>\n<p><a href=\"https:\/\/www.kaubamaja.ee\/search\/?q=vita+liberata\" target=\"_blank\" rel=\"noopener\">www.kaubamaja.ee<br \/>\n<\/a><a href=\"http:\/\/www.bellapolar.ee\/?fbclid=IwAR1FRrui_2JtYpGUzZ9_MxXF1Ttbml91uYRpiMqMIRPZWskbAq1kAaQIfiE\" target=\"_blank\" rel=\"noopener nofollow\" data-lynx-mode=\"origin\" data-lynx-uri=\"https:\/\/l.facebook.com\/l.php?u=http%3A%2F%2Fwww.bellapolar.ee%2F%3Ffbclid%3DIwAR1FRrui_2JtYpGUzZ9_MxXF1Ttbml91uYRpiMqMIRPZWskbAq1kAaQIfiE&amp;h=AT2wQqUO0cB_N7QLMitW59UFiQtCZfUsdSs6JPxKbSJTrYHroDMAr3cDMXN6qubdieD2DyMq2F8ocKgw-r2Hrz8gKwzb9MeZQLdb8jqzoYI8v1bui1Cx_KBXCXUb2qYHDV-BKs70MVI-xmiG2o2kc8aZhfPooC1aS5Ghsw\"><br \/>\n<\/a><a href=\"https:\/\/www.mactabeauty.com\/catalogsearch\/result\/?q=vita+liberata\" target=\"_blank\" rel=\"noopener\">www.mactabeauty.ee<\/a><\/p>\n<p><a href=\"https:\/\/kosmeetik.net\/tootekategooria\/brandid\/vita-liberata\/\" target=\"_blank\" rel=\"noopener\">www.kosmeetik.net<br \/>\n<\/a><a href=\"https:\/\/www.kehapood.ee\/?s=vita+liberata&amp;post_type=product\" target=\"_blank\" rel=\"noopener\"><br \/>\n<\/a><a href=\"https:\/\/www.loverte.com\/et\/search.html?query=vita+liberata&amp;sort=popular&amp;order=desc\" target=\"_blank\" rel=\"noopener\">www.loverte.ee<br \/>\n<\/a><br \/>\n<a href=\"https:\/\/tradehouse.ee\/products?search=vita%20liberata\" target=\"_blank\" rel=\"noopener\">www.tradehouse.ee<\/a><\/p>\n<\/div>\n<div class=\"span4\">\n<p>&nbsp;<\/p>\n<\/div>\n<\/div>\n<h1>KONTAKT<\/h1>\n<p>Vita Liberata Estonia \u00a0| \u00a0Mirka Latva \u00a0|\u00a0 <a href=\"mailto:mirka@lovebeauty.fi\">mirka@lovebeauty.fi<\/a><\/p>\n","protected":false},"excerpt":{"rendered":"<p>EDASIM\u00dc\u00dcJAD KAUPLUSED I.L.U. Kauplused I.L.U. Kristiine |\u00a0Endla 45, \u00a0Tallinn I.L.U. L\u00f5unakeskus |\u00a0Ringtee 75, Tartu I.L.U. P\u00e4rnu Keskus |\u00a0Aida 7, P\u00e4rnu I.L.U.\u00a0Rocca al Mare | Paldiski mnt 102, Tallinn I.L.U. \u00dclemiste |\u00a0Suur-S\u00f5jam\u00e4e 4, Tallinn STOCKMANN&#8217;i Kaubamaja |\u00a0Liivalaia 53, Tallin TALLINNA Kaubamaja |\u00a0Gonsiori 2, Tallinn TARTU\u00a0Kaubamaja |\u00a0Riia 1, Tartu TRADEHOUSE Ilukaubamajad Nautica Keskus | Ahtri 9, Tallinn [&#8230;]<\/p>\n","protected":false},"author":4,"featured_media":0,"parent":0,"menu_order":0,"comment_status":"closed","ping_status":"closed","template":"","meta":{"_mi_skip_tracking":false},"_links":{"self":[{"href":"https:\/\/www.vitaliberata.fi\/et\/wp-json\/wp\/v2\/pages\/1713"}],"collection":[{"href":"https:\/\/www.vitaliberata.fi\/et\/wp-json\/wp\/v2\/pages"}],"about":[{"href":"https:\/\/www.vitaliberata.fi\/et\/wp-json\/wp\/v2\/types\/page"}],"author":[{"embeddable":true,"href":"https:\/\/www.vitaliberata.fi\/et\/wp-json\/wp\/v2\/users\/4"}],"replies":[{"embeddable":true,"href":"https:\/\/www.vitaliberata.fi\/et\/wp-json\/wp\/v2\/comments?post=1713"}],"version-history":[{"count":222,"href":"https:\/\/www.vitaliberata.fi\/et\/wp-json\/wp\/v2\/pages\/1713\/revisions"}],"predecessor-version":[{"id":3119,"href":"https:\/\/www.vitaliberata.fi\/et\/wp-json\/wp\/v2\/pages\/1713\/revisions\/3119"}],"wp:attachment":[{"href":"https:\/\/www.vitaliberata.fi\/et\/wp-json\/wp\/v2\/media?parent=1713"}],"curies":[{"name":"wp","href":"https:\/\/api.w.org\/{rel}","templated":true}]}}